{"id":10,"date":"2019-12-04T05:57:43","date_gmt":"2019-12-04T04:57:43","guid":{"rendered":"https:\/\/anton-stefanutti.de\/?page_id=10"},"modified":"2025-12-18T11:14:56","modified_gmt":"2025-12-18T10:14:56","slug":"willkommen","status":"publish","type":"page","link":"https:\/\/anton-stefanutti.de\/private\/","title":{"rendered":"Gria\u00df Eich, Servus und Gr\u00fc\u00df Gott an alle,  die da Mal rein schauen."},"content":{"rendered":"\n<h5 class=\"wp-block-heading has-text-align-center\"><strong>Dies ist keine pers\u00f6nliche Seite. Ihr werdet also nur wenig \u00fcber mich und meine Familie erfahren. <\/strong><\/h5>\n\n\n\n<h5 class=\"wp-block-heading has-text-align-center\"><strong>Diese Seiten sollen meine politischen Einstellungen und Ansichten wiedergeben. Dazu auch meine Arbeit im Gemeinderat samt den mir dort wichtig erscheinenden Vorg\u00e4nge. <\/strong><\/h5>\n\n\n\n<hr class=\"wp-block-separator has-alpha-channel-opacity is-style-wide\"\/>\n\n\n\n<h5 class=\"wp-block-heading has-text-align-center\"><strong>Vorher aber doch einige kleine Einblicke in meinen famili\u00e4ren Hintergrund.<\/strong><\/h5>\n\n\n\n<div style=\"height:15px\" aria-hidden=\"true\" class=\"wp-block-spacer\"><\/div>\n\n\n\n<div class=\"wp-block-media-text is-stacked-on-mobile has-background\" style=\"background-color:#c5d1bf;grid-template-columns:25% auto\"><figure class=\"wp-block-media-text__media\"><img loading=\"lazy\" decoding=\"async\" width=\"600\" height=\"881\" src=\"https:\/\/anton-stefanutti.de\/private\/wp-content\/uploads\/2019\/12\/ich_vor_63_jahren.jpg\" alt=\"Ich vor 63 Jahren\" class=\"wp-image-211 size-full\" srcset=\"https:\/\/anton-stefanutti.de\/private\/wp-content\/uploads\/2019\/12\/ich_vor_63_jahren.jpg 600w, https:\/\/anton-stefanutti.de\/private\/wp-content\/uploads\/2019\/12\/ich_vor_63_jahren-204x300.jpg 204w\" sizes=\"auto, (max-width: 600px) 100vw, 600px\" \/><\/figure><div class=\"wp-block-media-text__content\">\n<p>Ich bin auf dem \u201eK\u00f6hlschneiderhof\u201c im Unterland geboren und aufgewachsen. Als \u201eBauernbub\u201c kommt man schon fr\u00fch mit der Natur und der Umwelt in Kontakt und wird so gepr\u00e4gt. Meine fr\u00fcheste Erinnerung geht zur\u00fcck auf einen Schwimmunterricht f\u00fcr K\u00fcken. Ich habe den Jungen Enten zugeschaut, wie sie in den Pf\u00fctzen gebadet haben. Dies wollte ich den kleinen H\u00fchnern auch beibringen. So habe ich versucht, ihnen im Wassertrog das Schwimmen zu lernen. Meine Mutter war davon gar nicht begeistert, sie konnte aber alle gerade noch retten. Ich denke, das weist aber schon auf meinen sp\u00e4teren Beruf als Lehrer hin.  (Ich glaube aus den Berichten von Sch\u00fcler und Sch\u00fclerinnen sagen zu k\u00f6nnen: Mit wesentlich mehr Erfolg!)<\/p>\n<\/div><\/div>\n\n\n\n<h2 class=\"wp-block-heading\">Meine Wurzeln:<\/h2>\n\n\n\n<div style=\"height:15px\" aria-hidden=\"true\" class=\"wp-block-spacer\"><\/div>\n\n\n\n<div class=\"wp-block-media-text is-stacked-on-mobile has-background\" style=\"background-color:#c5d1bf;grid-template-columns:25% auto\"><figure class=\"wp-block-media-text__media\"><img loading=\"lazy\" decoding=\"async\" width=\"600\" height=\"388\" src=\"https:\/\/anton-stefanutti.de\/private\/wp-content\/uploads\/2019\/12\/Pa-u.jpg\" alt=\"\" class=\"wp-image-213 size-full\" srcset=\"https:\/\/anton-stefanutti.de\/private\/wp-content\/uploads\/2019\/12\/Pa-u.jpg 600w, https:\/\/anton-stefanutti.de\/private\/wp-content\/uploads\/2019\/12\/Pa-u-300x194.jpg 300w\" sizes=\"auto, (max-width: 600px) 100vw, 600px\" \/><\/figure><div class=\"wp-block-media-text__content\">\n<p>Anton und Margarete Stefanutti&nbsp; (Eltern)&nbsp;<\/p>\n<\/div><\/div>\n\n\n\n<p class=\"has-text-align-left\"><\/p>\n\n\n\n<div class=\"wp-block-media-text is-stacked-on-mobile has-background\" style=\"background-color:#c5d1bf;grid-template-columns:25% auto\"><figure class=\"wp-block-media-text__media\"><img loading=\"lazy\" decoding=\"async\" width=\"600\" height=\"388\" src=\"https:\/\/anton-stefanutti.de\/private\/wp-content\/uploads\/2019\/12\/Oma-Opa-Mama.jpg\" alt=\"\" class=\"wp-image-212 size-full\" srcset=\"https:\/\/anton-stefanutti.de\/private\/wp-content\/uploads\/2019\/12\/Oma-Opa-Mama.jpg 600w, https:\/\/anton-stefanutti.de\/private\/wp-content\/uploads\/2019\/12\/Oma-Opa-Mama-300x194.jpg 300w\" sizes=\"auto, (max-width: 600px) 100vw, 600px\" \/><\/figure><div class=\"wp-block-media-text__content\">\n<p>Gro\u00dfvater Andreas Kreuz, geboren und aufgewachsen im Unterland. Gro\u00dfmutter Margarete Kreuz, geb. Mayer, geboren und aufgewachsen auf dem Adersberg.<\/p>\n<\/div><\/div>\n\n\n\n<p class=\"has-text-align-left\"><\/p>\n\n\n\n<div class=\"wp-block-media-text is-stacked-on-mobile has-background\" style=\"background-color:#c5d1bf;grid-template-columns:25% auto\"><figure class=\"wp-block-media-text__media\"><img loading=\"lazy\" decoding=\"async\" width=\"433\" height=\"431\" src=\"https:\/\/anton-stefanutti.de\/private\/wp-content\/uploads\/2024\/04\/Unbenannt-3.jpg\" alt=\"\" class=\"wp-image-542 size-full\" srcset=\"https:\/\/anton-stefanutti.de\/private\/wp-content\/uploads\/2024\/04\/Unbenannt-3.jpg 433w, https:\/\/anton-stefanutti.de\/private\/wp-content\/uploads\/2024\/04\/Unbenannt-3-300x300.jpg 300w, https:\/\/anton-stefanutti.de\/private\/wp-content\/uploads\/2024\/04\/Unbenannt-3-150x150.jpg 150w, https:\/\/anton-stefanutti.de\/private\/wp-content\/uploads\/2024\/04\/Unbenannt-3-100x100.jpg 100w, https:\/\/anton-stefanutti.de\/private\/wp-content\/uploads\/2024\/04\/Unbenannt-3-80x80.jpg 80w\" sizes=\"auto, (max-width: 433px) 100vw, 433px\" \/><\/figure><div class=\"wp-block-media-text__content\">\n<p>Gro\u00dfeltern &#8211; Vaterseite, Gro\u00dfvater Anton Stefanutti, geboren und aufgewachsen in Grabenst\u00e4tt . Dessen Vater, Venanzio Stefanutti ist in Cazzaso (Friaul) geboren. Gro\u00dfmutter: Therese Wierer, geboren und aufgewachsen in Rottau.<\/p>\n<\/div><\/div>\n\n\n\n<hr class=\"wp-block-separator has-alpha-channel-opacity is-style-wide\"\/>\n\n\n\n<div style=\"height:15px\" aria-hidden=\"true\" class=\"wp-block-spacer\"><\/div>\n\n\n\n<h2 class=\"wp-block-heading\">Nun aber Schluss mit Familie und hin zum \u201eErnst des Lebens\u201c<\/h2>\n\n\n\n<div style=\"height:15px\" aria-hidden=\"true\" class=\"wp-block-spacer\"><\/div>\n\n\n\n<h2 class=\"wp-block-heading\">Grunds\u00e4tzliche Gedanken zur Demokratie, Menschenw\u00fcrde, Umgangsformen<\/h2>\n\n\n\n<div style=\"height:15px\" aria-hidden=\"true\" class=\"wp-block-spacer\"><\/div>\n\n\n\n<h4 class=\"wp-block-heading\">Demokratie:<\/h4>\n<p>Gibt es eine Alternative?\u00a0 \u00a0<\/p>\n<p>Wenn wir uns viele L\u00e4nder auf unserer Welt betrachten, dann wird es ganz klar &#8211; es gibt keine Alternative! Nat\u00fcrlich gibt es an manchen Stellen noch die verschiedensten Probleme! Nat\u00fcrlich kann man vieles NOCH besser machen! Alleine die Tatsache, dass ich \u00fcberall meine Meinung sagen kann (ohne Probleme zu bekommen) ist unendlich viel Wert.\u00a0 Dass ich frei und geheim w\u00e4hlen kann ist eine absolute Grundlage! Also: seien wir zufrieden.\u00a0\u00a0<\/p>\n<p>Leider geistern zur Zeit wieder einige Gestalten durch die politische Landschaft, die gerne vorgeben \u201eallwissend und gerecht\u201c zu sein (AfD: Lucke, usw.) Was wirklich in ihren Hirnen spukt, k\u00f6nnen wir eigentlich immer wieder sehen und h\u00f6ren. Wenn wir uns die M\u00fche machen nicht nur Informationen aus den ihrem Geiste entsprechenden Medien zu ziehen, sondern uns breit informieren erkennen wir viele ihrer eigentlichen Gedanken.\u00a0 Besonders all jene, die unser deutsches Volk hervorheben, scheuen die unabh\u00e4ngigen Medien! in ihrer Sprache nur die \u201eL\u00fcgenpresse\u201c genannt. Und so ist es auch ihr wichtigstes Anliegen, dass die Presse endlich nur die <strong>richtige<\/strong> \u2013 also <strong>ihre Wahrheiten<\/strong> schreibt. Erinnert das nicht an etwas? Ach ja, die GLEICHSCHALTUNG der Presse (1933). Und was folgt unweigerlich: Alle schreiben gleich und alle Menschen m\u00fcssen dann gleich denken \u2013 wenn nicht, dann kommen die gleichgeschalteten Gerichte. Unser \u00dcberseer Beispiel dazu ist der Bahnw\u00e4rter Engelbert Steiner (hingerichtet 1943)<\/p>\n<p>Die Demokratie ist kein \u201eSelbstl\u00e4ufer\u201c! Sie muss gehegt, gepflegt und auch gelebt werden! Wir m\u00fcssen erkennen, dass wir es tagt\u00e4glich selbst in der Hand haben, wie es mit den demokratischen Grundrechten weitergeht. Wenn wir unsere erk\u00e4mpften Rechte nicht verteidigen, werden uns die selbsternannten und von ihren Mitl\u00e4ufern gest\u00fctzten F\u00fchrer ihre Meinung und ihren Willen aufzwingen.<\/p>\n<p>\u00a0<\/p>\n<h4 class=\"wp-block-heading\">Menschenw\u00fcrde:<\/h4>\n<p>In unserem Grundgesetz steht, dass alle Menschen gleich sind. Es hei\u00dft nicht: Alle DEUTSCHEN sind gleich.<\/p>\n<p>Nat\u00fcrlich hat jedes Volk einen anderen gesellschaftlichen und oft auch religi\u00f6sen Hintergrund. Wir fordern nat\u00fcrlich mit Recht, dass alle unsere Gesetze achten \u2013 wir sollten aber nicht au\u00dfer Acht lassen, dass auch diese Menschen ein Recht auf die Achtung ihrer gesellschaftlichen und religi\u00f6sen Wurzeln haben.<\/p>\n<p>Warum f\u00e4llt uns das aber so schwer? Meine Antwort ist dazu: Alle Menschengruppen hatten und haben schon immer diese Urangst vor dem Anderen\/Fremden! Eine Katastrophe wird es aber immer erst dann, wenn die politischen Hetzer ihre Parolen verbreiten und diese Urangst f\u00fcr ihre eigenen Zwecke nutzen.<\/p>\n<p>Eines zeigt sich fr\u00fcher oder sp\u00e4ter immer wieder: Wer die W\u00fcrde der Anderen (z.B. Migranten) nicht achtet, achtet auch die Anderen in unserer Gesellschaft nicht! Das beginnt mit den Behinderten und endet mit den Personen die anders als sie selbst denken.<\/p>\n<h4>\u00a0<\/h4>\n<h4 class=\"wp-block-heading\">Sprache und Umgangsformen:<\/h4>\n<p>Die Achtung des Anderen ist halt so eine Sache! Wenn ich davon schreibe, dass die Ausdrucksweise eines Menschen viel \u00fcber ihn selbst aussagt, dann trifft das auch auf den sprachlichen Umgang zu, den man miteinander pflegt. Es mag sein, dass ich jemanden nicht besonders mag, dass ich deswegen eine herabw\u00fcrdigende und beinahe hasserf\u00fcllte Redeweise beim Umgang mit diesen Personen walten lasse ist schlichtweg inakzeptabel. Aber es zeigt auch wieder das Verst\u00e4ndnis dieser Leute f\u00fcr alle anderen Personen und aus dieser Missachtung heraus letztlich auch den demokratischen Werten gegen\u00fcber.<\/p>\n<p>F\u00fcr mich ist es unzweifelhaft, dass jeder, der die W\u00fcrde der anderen Menschen nicht achtet, auch viele andere Formen der Demokratie nicht achtet. Man mag vieles unter dem Deckmantel einer gutb\u00fcrgerlichen Fassade verstecken, die Sprache bringt aber alles an das Licht.<\/p>\n<p><b>Es war besonders in den Aussagen der Herren S\u00f6der und Aiwanger schmerzlich anzuh\u00f6ren, wie sie z.B. \u00fcber die GR\u00dcNEN reden. <\/b>Es ist uns\u00e4glich, was ihre Ausdrucksweise in den Hirnen vieler ihrer Anh\u00e4nger angerichtet hat. Pl\u00f6tzlich glauben viele, es ist ganz normal andere Parteien und andere Menschen zu beschimpfen und in jeder Form zu missachten.<\/p>\n<p>In \u00dcbersee hat sich nun eine Gemeinschaft aus FBL+CSU+Gr\u00fcne+Bayernpartei zu dem Aufruf <strong>&#8222;\u00dcbersee ist Bunt&#8220;<\/strong> zusammengeschlossen. Das Haupanliegen ist die R\u00fcckkehr zu einem guten Miteinander und einem verst\u00e4ndnisvollen Umgang innerhalb unserer vielf\u00e4ltigen Gemeinschaft.<\/p>\n<p>\u00a0<\/p>\n<p>Nachfolgend, Aufteilung in \u201e<a href=\"https:\/\/anton-stefanutti.de\/private\/forum\/\" data-type=\"page\" data-id=\"292\">Themen<\/a>\u201c<\/p>\n","protected":false},"excerpt":{"rendered":"<p>Dies ist keine pers\u00f6nliche Seite. Ihr werdet also nur wenig \u00fcber mich und meine Familie erfahren. Diese Seiten sollen meine politischen Einstellungen und Ansichten wiedergeben. Dazu auch meine Arbeit im Gemeinderat samt den mir dort wichtig erscheinenden Vorg\u00e4nge. Vorher aber doch einige kleine Einblicke in meinen famili\u00e4ren Hintergrund. Ich bin auf dem \u201eK\u00f6hlschneiderhof\u201c im Unterland [&hellip;]<\/p>\n","protected":false},"author":2,"featured_media":0,"parent":0,"menu_order":0,"comment_status":"closed","ping_status":"closed","template":"","meta":{"footnotes":""},"class_list":["post-10","page","type-page","status-publish","hentry"],"_links":{"self":[{"href":"https:\/\/anton-stefanutti.de\/private\/wp-json\/wp\/v2\/pages\/10","targetHints":{"allow":["GET"]}}],"collection":[{"href":"https:\/\/anton-stefanutti.de\/private\/wp-json\/wp\/v2\/pages"}],"about":[{"href":"https:\/\/anton-stefanutti.de\/private\/wp-json\/wp\/v2\/types\/page"}],"author":[{"embeddable":true,"href":"https:\/\/anton-stefanutti.de\/private\/wp-json\/wp\/v2\/users\/2"}],"replies":[{"embeddable":true,"href":"https:\/\/anton-stefanutti.de\/private\/wp-json\/wp\/v2\/comments?post=10"}],"version-history":[{"count":0,"href":"https:\/\/anton-stefanutti.de\/private\/wp-json\/wp\/v2\/pages\/10\/revisions"}],"wp:attachment":[{"href":"https:\/\/anton-stefanutti.de\/private\/wp-json\/wp\/v2\/media?parent=10"}],"curies":[{"name":"wp","href":"https:\/\/api.w.org\/{rel}","templated":true}]}}