{"id":7,"date":"2019-12-04T05:55:26","date_gmt":"2019-12-04T04:55:26","guid":{"rendered":"https:\/\/anton-stefanutti.de\/?page_id=7"},"modified":"2024-04-06T11:21:20","modified_gmt":"2024-04-06T09:21:20","slug":"impressum","status":"publish","type":"page","link":"https:\/\/anton-stefanutti.de\/private\/impressum\/","title":{"rendered":"Impressum"},"content":{"rendered":"\n<p>Anton Stefanutti<br>Seethal 63<br>83236 \u00dcbersee<br>Email: anton@anton.stefanutti.de<\/p>\n\n\n\n<p style=\"font-size:25px\"><strong>Haftungsausschluss<\/strong><\/p>\n\n\n\n<p><strong>1. Haftungsbeschr\u00e4nkung f\u00fcr Inhalte der Website<\/strong><\/p>\n\n\n\n<p>Gem\u00e4\u00df \u00a7 7 Abs. 1 TMG ist der Verantwortliche der Website i. S. v. \u00a7 5 TMG f\u00fcr eigene Informationen, die er zur Nutzung bereith\u00e4lt, nach den allgemeinen Gesetzen verantwortlich.<\/p>\n\n\n\n<p>Der Verantwortliche der vorbezeichneten Website \u00fcbernimmt keine Haftung auf Aktualit\u00e4t, Richtigkeit und Vollst\u00e4ndigkeit der auf dieser Website zur Verf\u00fcgung gestellten Inhalte. Dies gilt nicht, wenn dem Verantwortlichen vors\u00e4tzliches oder grob fahrl\u00e4ssiges Verhalten vorzuwerfen ist. Die Inhalte wurden mit der gr\u00f6\u00dftm\u00f6glichen Sorgfalt und nach bestem Gewissen erstellt. Dennoch kann die inhaltliche Richtigkeit, insbesondere bei komplexen Themen nicht gew\u00e4hrleistet werden, so dass der Verantwortliche den Nutzern empfiehlt, bei wichtigen Informationen bei den zust\u00e4ndigen Stellen anzufragen oder rechtliche Beratung in Anspruch zu nehmen.<\/p>\n\n\n\n<p>Namentlich gekennzeichnete Beitr\u00e4ge, die auf der Website \u00f6ffentlich zug\u00e4nglich gemacht werden, geben die Meinung des jeweiligen Autors und nicht immer die Meinung des Website-Betreibers wieder.<\/p>\n\n\n\n<p>Sofern kostenpflichtige oder kostenlose und frei zug\u00e4ngliche Inhalte oder Dienste auf der Website zur Verf\u00fcgung gestellt werden, handelt es sich dabei um unverbindliche Invitatio ad offerendum, welche lediglich zur Abgabe eines Angebots durch den Nutzer aufrufen und selbst kein verbindliches Angebot darstellen.<\/p>\n\n\n\n<p>Gem\u00e4\u00df \u00a7\u00a7 8 ff. TMG ist der Website-Betreiber f\u00fcr fremde Inhalte, die er f\u00fcr einen Nutzer ver\u00f6ffentlicht, nicht verantwortlich, sofern<\/p>\n\n\n\n<ol class=\"wp-block-list\">\n<li>er keine Kenntnis von der rechtswidrigen Handlung oder der Information hat und ihm im Falle von Schadensersatzanspr\u00fcchen auch keine Tatsachen oder Umst\u00e4nde bekannt sind, aus denen die rechtswidrige Handlung oder die Information offensichtlich wird, oder<\/li>\n\n\n\n<li>er unverz\u00fcglich t\u00e4tig geworden ist, um die Information zu entfernen oder den Zugang zu ihr zu sperren, sobald er diese Kenntnis erlangt hat.<\/li>\n<\/ol>\n\n\n\n<p>Eine diesbez\u00fcgliche Haftung ist somit erst ab dem Zeitpunkt der Kenntniserlangung einer konkreten Rechtsverletzung m\u00f6glich.<\/p>\n\n\n\n<p>Erlangt der Website-Betreiber Kenntnis von solchen rechtswidrigen Inhalten, werden diese unverz\u00fcglich entfernt.<\/p>\n\n\n\n<p><strong>2. Haftung f\u00fcr ausgehende Links<\/strong><\/p>\n\n\n\n<p>Der Website-Betreiber verlinkt von seiner Website auf fremde Websites. Durch diese sog. \u201eHyperlinks\u201c wird der Nutzer direkt auf die fremde Website geleitet. Das Setzen von sog. \u201eHyperlinks\u201c bedeutet nicht, dass sich der Website-Betreiber die hinter dem Link liegenden Inhalte zu Eigen macht. Der Website-Betreiber hat dabei keinerlei Einfluss auf die Informationen der fremden Website. Daher kann keine Haftung f\u00fcr die Aktualit\u00e4t, Richtigkeit und Vollst\u00e4ndigkeit der Inhalte der fremden Website \u00fcbernommen werden.<\/p>\n\n\n\n<p>F\u00fcr die Inhalte ist ausschlie\u00dflich der jeweilige Anbieter oder Betreiber der verlinkten Website verantwortlich.<\/p>\n\n\n\n<p>Der Website-Betreiber versichert jedoch, dass ihm zum Zeitpunkt des Setzens der Verlinkung keinerlei rechtliche Verst\u00f6\u00dfe bekannt waren und er die fremde Website im Rahmen des Zumutbaren gepr\u00fcft hat.<\/p>\n\n\n\n<p>Solange keine konkreten Anhaltspunkte einer Rechtsverletzung vorliegen, ist eine permanente inhaltliche Kontrolle der verlinkten Website f\u00fcr den Website-Betreiber nicht zumutbar.<\/p>\n\n\n\n<p>Erh\u00e4lt der Website-Betreiber Kenntnis von der Rechtswidrigkeit der verlinkten Inhalte, wird der entsprechende Link unverz\u00fcglich entfernt.<\/p>\n\n\n\n<p><strong>3. Urheberrechte<\/strong><\/p>\n\n\n\n<p>Die auf dieser Webseite ver\u00f6ffentlichten Inhalte unterliegen dem deutschen Urheberrecht und Leistungsschutzrecht.<\/p>\n\n\n\n<p>Als Urheber i. S. v. \u00a7 7 UrhG stehen dem Website-Betreiber die alleinigen und ausschlie\u00dflichen Verwertungsrechte gem\u00e4\u00df \u00a7\u00a7 15 ff. UrhG zu. Eine Vervielf\u00e4ltigung oder Verwendung s\u00e4mtlicher Inhalte der Website in fremden elektronischen oder gedruckten Medien ist ohne vorherige Zustimmung des Website-Betreibers untersagt und wird ggf. verfolgt.<\/p>\n\n\n\n<p>Inhalte, die nicht vom Website-Betreiber erstellt wurden, sind als solche gekennzeichnet. Die Urheberrechte Dritter werden beachtet.<\/p>\n\n\n\n<p>Sollten Sie dennoch auf eine Urheberrechtsverletzung aufmerksam werden, wird um einen entsprechenden Hinweis an den Website-Betreiber gebeten. Der Website-Betreiber wird derartige Inhalte dann umgehend entfernen.<\/p>\n\n\n\n<p><strong>4. Datenschutz<\/strong><\/p>\n\n\n\n<p>Die Website kann grunds\u00e4tzlich ohne Eingabe von personenbezogenen Daten wie z. B. Name oder E-Mail-Adresse genutzt werden. Es werden keine personenbezogenen Daten gespeichert.<\/p>\n\n\n\n<p>Sollte die M\u00f6glichkeit der Eingabe solcher Daten bestehen, so erfolgt die Mitteilung dieser Daten auf freiwilliger Basis durch den Nutzer. Eine Weitergabe dieser Daten an Dritte ist ohne die ausdr\u00fcckliche Zustimmung durch den Nutzer ausgeschlossen.<\/p>\n\n\n\n<p>Ein l\u00fcckenloser Schutz der \u00fcbermittelten Daten vor dem Zugriff durch unbefugte Dritte ist jedoch nicht m\u00f6glich, da es im Bereich der Daten\u00fcbermittlung im Internet zu Sicherheitsl\u00fccken kommen kann. Der Website-Betreiber versucht jedoch, die Gefahr des unbefugten Zugriffs durch geeignete Ma\u00dfnahmen zu unterbinden und im Falle der Kenntnis von einer Sicherheitsl\u00fccke diese durch geeignete Ma\u00dfnahmen zu schlie\u00dfen.<\/p>\n\n\n\n<p>Der Website-Betreiber \u00fcbernimmt keine Haftung f\u00fcr Sch\u00e4den, die durch solche Sicherheitsverletzungen entstehen.<\/p>\n\n\n\n<p>Wenn Sie die Website besuchen, erhebt der Website-Betreiber die Daten, die technisch erforderlich sind, um Ihnen die Website anzuzeigen und die Stabilit\u00e4t und Sicherheit zu gew\u00e4hrleisten (IP-Adresse, Datum und Uhrzeit der Anfrage, Browser etc.). Diese Erhebung personenbezogenen Daten stellt keine Auswertung personenbezogener Daten dar.<\/p>\n\n\n\n<p>Der Nutzung der im Impressum ver\u00f6ffentlichten Kontaktdaten durch Dritte zur \u00dcbersendung von nicht ausdr\u00fccklich gew\u00fcnschter Werbung, insbesondere Spam-Mails, wird widersprochen und im Falle der Nichtbeachtung ggf. mit rechtlichen Schritten verfolgt.<\/p>\n\n\n\n<p>(Quelle: <a href=\"https:\/\/www.kanzlei.law\">BUSE HERZ GRUNST&nbsp;Rechtsanw\u00e4lte<\/a>)<\/p>\n","protected":false},"excerpt":{"rendered":"<p>Anton StefanuttiSeethal 6383236 \u00dcberseeEmail: anton@anton.stefanutti.de Haftungsausschluss 1. Haftungsbeschr\u00e4nkung f\u00fcr Inhalte der Website Gem\u00e4\u00df \u00a7 7 Abs. 1 TMG ist der Verantwortliche der Website i. S. v. \u00a7 5 TMG f\u00fcr eigene Informationen, die er zur Nutzung bereith\u00e4lt, nach den allgemeinen Gesetzen verantwortlich. Der Verantwortliche der vorbezeichneten Website \u00fcbernimmt keine Haftung auf Aktualit\u00e4t, Richtigkeit und Vollst\u00e4ndigkeit [&hellip;]<\/p>\n","protected":false},"author":2,"featured_media":0,"parent":0,"menu_order":0,"comment_status":"closed","ping_status":"closed","template":"","meta":{"footnotes":""},"class_list":["post-7","page","type-page","status-publish","hentry"],"_links":{"self":[{"href":"https:\/\/anton-stefanutti.de\/private\/wp-json\/wp\/v2\/pages\/7","targetHints":{"allow":["GET"]}}],"collection":[{"href":"https:\/\/anton-stefanutti.de\/private\/wp-json\/wp\/v2\/pages"}],"about":[{"href":"https:\/\/anton-stefanutti.de\/private\/wp-json\/wp\/v2\/types\/page"}],"author":[{"embeddable":true,"href":"https:\/\/anton-stefanutti.de\/private\/wp-json\/wp\/v2\/users\/2"}],"replies":[{"embeddable":true,"href":"https:\/\/anton-stefanutti.de\/private\/wp-json\/wp\/v2\/comments?post=7"}],"version-history":[{"count":0,"href":"https:\/\/anton-stefanutti.de\/private\/wp-json\/wp\/v2\/pages\/7\/revisions"}],"wp:attachment":[{"href":"https:\/\/anton-stefanutti.de\/private\/wp-json\/wp\/v2\/media?parent=7"}],"curies":[{"name":"wp","href":"https:\/\/api.w.org\/{rel}","templated":true}]}}